{"id":5150,"date":"2025-11-16T20:57:02","date_gmt":"2025-11-16T20:57:02","guid":{"rendered":"https:\/\/gblfirm.com\/?page_id=5150"},"modified":"2025-11-16T21:17:26","modified_gmt":"2025-11-16T21:17:26","slug":"gestion-internationale","status":"publish","type":"page","link":"https:\/\/gblfirm.com\/ar\/gestion-internationale\/","title":{"rendered":"\u0627\u0644\u0625\u062f\u0627\u0631\u0629 \u0627\u0644\u062f\u0648\u0644\u064a\u0629"},"content":{"rendered":"<div data-elementor-type=\"wp-page\" data-elementor-id=\"5150\" class=\"elementor elementor-5150\">\n\t\t\t\t\t\t<section class=\"elementor-section elementor-top-section elementor-element elementor-element-15775db4 elementor-section-stretched elementor-section-boxed elementor-section-height-default elementor-section-height-default\" data-id=\"15775db4\" data-element_type=\"section\" data-e-type=\"section\" data-settings=\"{&quot;stretch_section&quot;:&quot;section-stretched&quot;}\">\n\t\t\t\t\t\t<div class=\"elementor-container elementor-column-gap-default\">\n\t\t\t\t\t<div class=\"elementor-column elementor-col-100 elementor-top-column elementor-element elementor-element-27f7e19b\" data-id=\"27f7e19b\" data-element_type=\"column\" data-e-type=\"column\">\n\t\t\t<div class=\"elementor-widget-wrap elementor-element-populated\">\n\t\t\t\t\t\t<div class=\"elementor-element elementor-element-1cce0775 elementor-widget elementor-widget-rt-About-image-text\" data-id=\"1cce0775\" data-element_type=\"widget\" data-e-type=\"widget\" data-widget_type=\"rt-About-image-text.default\">\n\t\t\t\t<div class=\"elementor-widget-container\">\n\t\t\t\t\t<div class=\"about-image-text about-layout-style1\">\n\t<div class=\"row\">\n\t\t<div class=\"col-lg-7 d-flex align-items-center order-lg-2\">\n\t\t\t<div class=\"about-content\">\n\t\t\t\t\t\t\t\t\t\t\t\t<h2 class=\"rtin-title\">\u0627\u0644\u0625\u062f\u0627\u0631\u0629 \u0627\u0644\u062f\u0648\u0644\u064a\u0629 \u0644\u0644\u0634\u0631\u0643\u0627\u062a \u0648\u0627\u0644\u0623\u0641\u0631\u0627\u062f<\/h2>\n\t\t\t\t\t\t\t\t<div class=\"rtin-content\"><p class=\"my-2 [&amp;+p]:mt-4 [&amp;_strong:has(+br)]:inline-block [&amp;_strong:has(+br)]:pb-2\">\u0628\u0627\u0639\u062a\u0628\u0627\u0631\u0646\u0627 \u062e\u0628\u0631\u0627\u0621 \u0641\u064a \u0627\u0644\u0625\u062f\u0627\u0631\u0629 \u0627\u0644\u062f\u0648\u0644\u064a\u0629 \u0648\u0642\u0627\u0646\u0648\u0646 \u0627\u0644\u0623\u0639\u0645\u0627\u0644 \u0639\u0628\u0631 \u0627\u0644\u062d\u062f\u0648\u062f\u060c \u062a\u0633\u0627\u0639\u062f \u0634\u0631\u0643\u062a\u0646\u0627 \u0627\u0644\u0634\u0631\u0643\u0627\u062a \u0648\u0627\u0644\u0623\u0641\u0631\u0627\u062f \u0641\u064a \u062c\u0645\u064a\u0639 \u0642\u0636\u0627\u064a\u0627\u0647\u0645 \u0627\u0644\u062f\u0648\u0644\u064a\u0629\u060c \u0633\u0648\u0627\u0621 \u0643\u0627\u0646 \u0627\u0644\u0623\u0645\u0631 \u064a\u062a\u0639\u0644\u0642 \u0628\u0625\u0646\u0634\u0627\u0621 \u0645\u0634\u0627\u0631\u064a\u0639 \u0641\u064a \u0627\u0644\u062e\u0627\u0631\u062c\u060c \u0623\u0648 \u0627\u0644\u0627\u0645\u062a\u062b\u0627\u0644\u060c \u0623\u0648 \u0647\u064a\u0643\u0644\u0629 \u0627\u0644\u0645\u0634\u0627\u0631\u064a\u0639 \u0627\u0644\u062f\u0648\u0644\u064a\u0629.<br \/>\u0628\u0641\u0636\u0644 \u0641\u0631\u064a\u0642\u0646\u0627 \u0645\u0646 \u0627\u0644\u062e\u0628\u0631\u0627\u0621 \u0627\u0644\u0642\u0627\u0646\u0648\u0646\u064a\u064a\u0646 \u0627\u0644\u0645\u062a\u062e\u0635\u0635\u064a\u0646 \u0648\u0627\u0644\u0645\u062d\u0627\u0645\u064a\u0646 \u0627\u0644\u0634\u0631\u0643\u0627\u0621\u060c \u0641\u0625\u0646\u0646\u0627 \u0646\u0642\u062f\u0645 \u0627\u0644\u0645\u0634\u0648\u0631\u0629 \u0627\u0644\u0645\u062e\u0635\u0635\u0629 \u0648\u0627\u0644\u0645\u0643\u064a\u0641\u0629 \u0645\u0639 \u0645\u062a\u0637\u0644\u0628\u0627\u062a \u0648\u062e\u0635\u0648\u0635\u064a\u0627\u062a \u0643\u0644 \u0628\u0644\u062f.<\/p><p class=\"my-2 [&amp;+p]:mt-4 [&amp;_strong:has(+br)]:inline-block [&amp;_strong:has(+br)]:pb-2\">\u062a\u0642\u062f\u0645 \u0634\u0631\u0643\u062a\u0646\u0627 \u0627\u0644\u0627\u0633\u062a\u0634\u0627\u0631\u0627\u062a \u0627\u0644\u0627\u0633\u062a\u0631\u0627\u062a\u064a\u062c\u064a\u0629 \u0627\u0644\u062f\u0648\u0644\u064a\u0629\u060c \u0648\u0627\u0644\u0627\u0645\u062a\u062b\u0627\u0644 \u0644\u0644\u0648\u0627\u0626\u062d \u0627\u0644\u0639\u0627\u0644\u0645\u064a\u0629\u060c \u0648\u062f\u0639\u0645 \u0627\u0644\u062a\u0635\u062f\u064a\u0631\u060c \u0628\u0627\u0644\u0625\u0636\u0627\u0641\u0629 \u0625\u0644\u0649 \u0627\u0644\u062f\u0639\u0645 \u0627\u0644\u0642\u0627\u0646\u0648\u0646\u064a \u0648\u0627\u0644\u0636\u0631\u064a\u0628\u064a \u0644\u0644\u0639\u0645\u0644\u064a\u0627\u062a \u0641\u064a \u0627\u0644\u062e\u0627\u0631\u062c.<\/p><\/div>\n\t\t\t\t\t\t\t<\/div>\n\t\t<\/div>\n\t\t<div class=\"col-lg-5 order-lg-1\">\n\t\t\t<div class=\"about-image\">\n\t\t\t\t<img fetchpriority=\"high\" decoding=\"async\" width=\"1210\" height=\"723\" src=\"https:\/\/gblfirm.com\/wp-content\/uploads\/2025\/11\/Your-paragraph-text-13.png\" class=\"attachment-full size-full\" alt=\"\" srcset=\"https:\/\/gblfirm.com\/wp-content\/uploads\/2025\/11\/Your-paragraph-text-13.png 1210w, https:\/\/gblfirm.com\/wp-content\/uploads\/2025\/11\/Your-paragraph-text-13-300x179.png 300w, https:\/\/gblfirm.com\/wp-content\/uploads\/2025\/11\/Your-paragraph-text-13-1024x612.png 1024w, https:\/\/gblfirm.com\/wp-content\/uploads\/2025\/11\/Your-paragraph-text-13-768x459.png 768w, https:\/\/gblfirm.com\/wp-content\/uploads\/2025\/11\/Your-paragraph-text-13-600x359.png 600w\" sizes=\"(max-width: 1210px) 100vw, 1210px\" \/>\t\t\t\t\n\t\t\t<\/div>\n\t\t<\/div>\n\t<\/div>\n<\/div>\t\t\t\t<\/div>\n\t\t\t\t<\/div>\n\t\t\t\t\t<\/div>\n\t\t<\/div>\n\t\t\t\t\t<\/div>\n\t\t<\/section>\n\t\t\t\t<section class=\"elementor-section elementor-top-section elementor-element elementor-element-14e43c64 elementor-section-stretched elementor-section-full_width elementor-section-height-default elementor-section-height-default\" data-id=\"14e43c64\" data-element_type=\"section\" data-e-type=\"section\" data-settings=\"{&quot;stretch_section&quot;:&quot;section-stretched&quot;}\">\n\t\t\t\t\t\t<div class=\"elementor-container elementor-column-gap-default\">\n\t\t\t\t\t<div class=\"elementor-column elementor-col-100 elementor-top-column elementor-element elementor-element-788716ee\" data-id=\"788716ee\" data-element_type=\"column\" data-e-type=\"column\" data-settings=\"{&quot;background_background&quot;:&quot;classic&quot;}\">\n\t\t\t<div class=\"elementor-widget-wrap elementor-element-populated\">\n\t\t\t\t\t\t<div class=\"elementor-element elementor-element-1427cd7e elementor-widget elementor-widget-rt-About-image-text\" data-id=\"1427cd7e\" data-element_type=\"widget\" data-e-type=\"widget\" data-widget_type=\"rt-About-image-text.default\">\n\t\t\t\t<div class=\"elementor-widget-container\">\n\t\t\t\t\t\n<div class=\"about-image-text about-layout-style4\">\n\t<div class=\"single-item\">\n\t\t<img decoding=\"async\" width=\"1210\" height=\"723\" src=\"https:\/\/gblfirm.com\/wp-content\/uploads\/2025\/11\/Your-paragraph-text-1-9.png\" class=\"attachment-full size-full\" alt=\"\" srcset=\"https:\/\/gblfirm.com\/wp-content\/uploads\/2025\/11\/Your-paragraph-text-1-9.png 1210w, https:\/\/gblfirm.com\/wp-content\/uploads\/2025\/11\/Your-paragraph-text-1-9-300x179.png 300w, https:\/\/gblfirm.com\/wp-content\/uploads\/2025\/11\/Your-paragraph-text-1-9-1024x612.png 1024w, https:\/\/gblfirm.com\/wp-content\/uploads\/2025\/11\/Your-paragraph-text-1-9-768x459.png 768w, https:\/\/gblfirm.com\/wp-content\/uploads\/2025\/11\/Your-paragraph-text-1-9-600x359.png 600w\" sizes=\"(max-width: 1210px) 100vw, 1210px\" \/>\t\n\t<\/div>\n\t<div class=\"single-item\">\n\t\t<div class=\"about-content\">\n\t\t\t\t\t\t<h2 class=\"rtin-title\">\u0645\u0643\u062a\u0628 \u0627\u0633\u062a\u0634\u0627\u0631\u064a \u0645\u062a\u062e\u0635\u0635 \u0641\u064a \u0627\u0644\u0625\u062f\u0627\u0631\u0629 \u0627\u0644\u062f\u0648\u0644\u064a\u0629<\/h2>\n\t\t\t\t\t\t\t\t\t<div class=\"rtin-content\"><p class=\"my-2 [&amp;+p]:mt-4 [&amp;_strong:has(+br)]:inline-block [&amp;_strong:has(+br)]:pb-2\">\u0648\u0641\u064a \u0627\u0644\u0633\u064a\u0627\u0642 \u0627\u0644\u062f\u0648\u0644\u064a\u060c \u062a\u062a\u0636\u0645\u0646 \u0627\u0644\u0625\u062f\u0627\u0631\u0629 \u0627\u0644\u0642\u0627\u0646\u0648\u0646\u064a\u0629 \u0648\u0627\u0644\u0636\u0631\u064a\u0628\u064a\u0629 \u062a\u0648\u0642\u0639 \u0627\u0644\u0645\u062e\u0627\u0637\u0631 \u0648\u062a\u0646\u0633\u064a\u0642 \u0627\u0644\u0639\u0645\u0644\u064a\u0627\u062a \u0639\u0628\u0631 \u0627\u0644\u062d\u062f\u0648\u062f \u0648\u0636\u0645\u0627\u0646 \u0627\u0644\u0627\u0645\u062a\u062b\u0627\u0644 \u0644\u0644\u0642\u0648\u0627\u0646\u064a\u0646 \u0627\u0644\u0645\u062d\u0644\u064a\u0629 \u0645\u0646 \u062e\u0644\u0627\u0644 \u0645\u062a\u062e\u0635\u0635\u064a\u0646 \u0630\u0648\u064a \u062e\u0628\u0631\u0629.<br \/>\u0646\u0642\u0648\u0645 \u0628\u062a\u062d\u0644\u064a\u0644 \u0648\u0636\u0639 \u0643\u064a\u0627\u0646\u0643\u060c \u0648\u062a\u062b\u0628\u064a\u062a \u0625\u062c\u0631\u0627\u0621\u0627\u062a \u0627\u0644\u0627\u0645\u062a\u062b\u0627\u0644 \u0648\u062a\u0646\u0641\u064a\u0630 \u0627\u0633\u062a\u0631\u0627\u062a\u064a\u062c\u064a\u0629 \u0645\u0635\u0645\u0645\u0629 \u062e\u0635\u064a\u0635\u064b\u0627 \u0644\u062a\u0644\u0628\u064a\u0629 \u0627\u062d\u062a\u064a\u0627\u062c\u0627\u062a\u0643\u060c \u0645\u0639 \u0627\u062d\u062a\u0631\u0627\u0645 \u0627\u0644\u0645\u0639\u0627\u064a\u064a\u0631 \u0627\u0644\u062f\u0648\u0644\u064a\u0629.<\/p><p class=\"my-2 [&amp;+p]:mt-4 [&amp;_strong:has(+br)]:inline-block [&amp;_strong:has(+br)]:pb-2\">\u064a\u0645\u0643\u0646 \u0644\u0645\u0633\u062a\u0634\u0627\u0631\u064a\u0646\u0627 \u0645\u0633\u0627\u0639\u062f\u062a\u0643 \u0641\u064a \u0627\u0644\u062a\u062f\u0642\u064a\u0642 \u0627\u0644\u062f\u0648\u0644\u064a \u0648\u0627\u0644\u0625\u062f\u0627\u0631\u0629 \u0627\u0644\u0642\u0627\u0646\u0648\u0646\u064a\u0629 \u0648\u0627\u0644\u0636\u0631\u064a\u0628\u064a\u0629 \u0644\u0644\u0634\u0631\u0643\u0627\u062a \u0627\u0644\u062a\u0627\u0628\u0639\u0629 \u0648\u0647\u064a\u0643\u0644\u0629 \u0627\u0644\u0639\u0642\u0648\u062f \u0648\u0625\u062f\u0627\u0631\u0629 \u0627\u0644\u0645\u062e\u0627\u0637\u0631 \u0627\u0644\u0645\u062a\u0639\u0644\u0642\u0629 \u0628\u0623\u0646\u0634\u0637\u062a\u0643 \u0641\u064a \u0628\u0644\u062f\u0627\u0646 \u0645\u062e\u062a\u0644\u0641\u0629.<br \/>\u062e\u0628\u0631\u062a\u0646\u0627 \u062a\u0633\u0645\u062d \u0644\u0646\u0627 \u0628\u062a\u0642\u062f\u064a\u0645 \u062d\u0644\u0648\u0644 \u0645\u062e\u0635\u0635\u0629 \u0641\u064a \u0625\u062f\u0627\u0631\u0629 \u0627\u0644\u0634\u0624\u0648\u0646 \u0627\u0644\u0642\u0627\u0646\u0648\u0646\u064a\u0629 \u0627\u0644\u062f\u0648\u0644\u064a\u0629 \u0648\u0627\u0644\u0636\u0631\u0627\u0626\u0628 \u0648\u062f\u0639\u0645 \u0627\u0644\u0645\u0648\u0627\u0631\u062f \u0627\u0644\u0628\u0634\u0631\u064a\u0629 \u0648\u062d\u0644 \u0627\u0644\u0646\u0632\u0627\u0639\u0627\u062a \u0639\u0628\u0631 \u0627\u0644\u062d\u062f\u0648\u062f.<\/p><\/div>\n\t\t\t\t\t<\/div>\n\t<\/div>\n<\/div>\t\t\t\t<\/div>\n\t\t\t\t<\/div>\n\t\t\t\t\t<\/div>\n\t\t<\/div>\n\t\t\t\t\t<\/div>\n\t\t<\/section>\n\t\t\t\t<section class=\"elementor-section elementor-top-section elementor-element elementor-element-69e1ea59 elementor-section-stretched elementor-section-full_width elementor-section-height-default elementor-section-height-default\" data-id=\"69e1ea59\" data-element_type=\"section\" data-e-type=\"section\" data-settings=\"{&quot;stretch_section&quot;:&quot;section-stretched&quot;}\">\n\t\t\t\t\t\t<div class=\"elementor-container elementor-column-gap-default\">\n\t\t\t\t\t<div class=\"elementor-column elementor-col-100 elementor-top-column elementor-element elementor-element-4bb6eb63\" data-id=\"4bb6eb63\" data-element_type=\"column\" data-e-type=\"column\">\n\t\t\t<div class=\"elementor-widget-wrap elementor-element-populated\">\n\t\t\t\t\t\t<div class=\"elementor-element elementor-element-22d52a68 elementor-widget elementor-widget-rt-About-image-text\" data-id=\"22d52a68\" data-element_type=\"widget\" data-e-type=\"widget\" data-widget_type=\"rt-About-image-text.default\">\n\t\t\t\t<div class=\"elementor-widget-container\">\n\t\t\t\t\t<div class=\"about-image-text about-layout-style3\">\n\t<div class=\"single-item\">\n\t\t<div class=\"about-content\">\n\t\t\t\t\t\t\t\t\t<h2 class=\"rtin-title\">\u0644\u0645\u0627\u0630\u0627 \u062a\u062e\u062a\u0627\u0631 \u0641\u0631\u064a\u0642\u0646\u0627 \u0644\u0644\u0625\u062f\u0627\u0631\u0629 \u0627\u0644\u062f\u0648\u0644\u064a\u0629\u061f\n<\/h2>\n\t\t\t\t\t\t\n\t\t\t<div class=\"rtin-content\"><p class=\"my-2 [&amp;+p]:mt-4 [&amp;_strong:has(+br)]:inline-block [&amp;_strong:has(+br)]:pb-2\">\u0645\u0639 \u0625\u062f\u0631\u0627\u0643\u0646\u0627 \u0644\u0644\u062a\u062d\u062f\u064a\u0627\u062a \u0627\u0644\u062a\u064a \u064a\u0641\u0631\u0636\u0647\u0627 \u0627\u0644\u062a\u0648\u0633\u0639 \u0627\u0644\u062f\u0648\u0644\u064a\u060c \u0641\u0625\u0646 \u0641\u0631\u064a\u0642\u0646\u0627 \u0645\u0644\u062a\u0632\u0645 \u0641\u064a \u0627\u0644\u0645\u0642\u0627\u0645 \u0627\u0644\u0623\u0648\u0644 \u0628\u062f\u0639\u0645 \u0627\u0644\u0639\u0645\u0644\u0627\u0621 \u0641\u064a \u062a\u062d\u0633\u064a\u0646 \u062a\u0637\u0648\u0631\u0647\u0645 \u0641\u064a \u0627\u0644\u062e\u0627\u0631\u062c\u060c \u0648\u0625\u062f\u0627\u0631\u0629 \u0627\u0644\u0627\u0645\u062a\u062b\u0627\u0644 \u0648\u0636\u0645\u0627\u0646 \u0623\u0645\u0646 \u0639\u0645\u0644\u064a\u0627\u062a\u0647\u0645.<\/p><p class=\"my-2 [&amp;+p]:mt-4 [&amp;_strong:has(+br)]:inline-block [&amp;_strong:has(+br)]:pb-2\">\u0646\u062d\u0646 \u0646\u0642\u062f\u0645 \u0627\u0644\u062f\u0639\u0645 \u0627\u0644\u0645\u0633\u062a\u0645\u0631 \u0641\u064a \u0647\u064a\u0643\u0644\u0629 \u0627\u0644\u0645\u0634\u0627\u0631\u064a\u0639 \u0627\u0644\u062f\u0648\u0644\u064a\u0629\u060c \u0648\u0625\u062f\u0627\u0631\u0629 \u0639\u0645\u0644\u064a\u0627\u062a \u0627\u0644\u062f\u0645\u062c \u0648\u0627\u0644\u0627\u0633\u062a\u062d\u0648\u0627\u0630\u060c \u0648\u0627\u0644\u062f\u0641\u0627\u0639 \u0639\u0646 \u0627\u0644\u0645\u0635\u0627\u0644\u062d \u0641\u064a \u0627\u0644\u0646\u0632\u0627\u0639\u0627\u062a \u0627\u0644\u062f\u0648\u0644\u064a\u0629\u060c \u0648\u0627\u0644\u0648\u0635\u0648\u0644 \u0625\u0644\u0649 \u0634\u0628\u0643\u0629 \u0645\u0646 \u0627\u0644\u0634\u0631\u0643\u0627\u0621 \u0627\u0644\u0645\u062a\u0648\u0627\u062c\u062f\u064a\u0646 \u0641\u064a \u0627\u0644\u0645\u0631\u0627\u0643\u0632 \u0627\u0644\u0627\u0642\u062a\u0635\u0627\u062f\u064a\u0629 \u0627\u0644\u0631\u0626\u064a\u0633\u064a\u0629 \u0641\u064a \u0627\u0644\u0639\u0627\u0644\u0645.<\/p><p class=\"my-2 [&amp;+p]:mt-4 [&amp;_strong:has(+br)]:inline-block [&amp;_strong:has(+br)]:pb-2\">\u064a\u062a\u0645\u062d\u0648\u0631 \u062f\u0639\u0645\u0646\u0627 \u062d\u0648\u0644:<\/p><ul class=\"marker:text-quiet list-disc\"><li class=\"py-0 my-0 prose-p:pt-0 prose-p:mb-2 prose-p:my-0 [&amp;&gt;p]:pt-0 [&amp;&gt;p]:mb-2 [&amp;&gt;p]:my-0\" style=\"--tw-border-spacing-x: 0;--tw-border-spacing-y: 0;--tw-translate-x: 0;--tw-translate-y: 0;--tw-rotate: 0;--tw-skew-x: 0;--tw-skew-y: 0;--tw-scale-x: 1;--tw-scale-y: 1;--tw-scroll-snap-strictness: proximity;--tw-ring-offset-width: 0px;--tw-ring-offset-color: #fff;--tw-ring-offset-shadow: 0 0 #0000;--tw-ring-shadow: 0 0 #0000;--tw-shadow: 0 0 #0000;--tw-shadow-colored: 0 0 #0000;margin-top: 0px;margin-bottom: 0px;padding-inline-start: 0.375em;padding-top: 0px;padding-bottom: 0px\"><p class=\"my-2 [&amp;+p]:mt-4 [&amp;_strong:has(+br)]:inline-block [&amp;_strong:has(+br)]:pb-2\">\u0625\u0646\u0634\u0627\u0621 \u0622\u0644\u064a\u0627\u062a \u0627\u0644\u0623\u0645\u0646 \u0627\u0644\u0642\u0627\u0646\u0648\u0646\u064a \u0639\u0644\u0649 \u0627\u0644\u0645\u0633\u062a\u0648\u0649 \u0627\u0644\u062f\u0648\u0644\u064a\u061b<\/p><\/li><li class=\"py-0 my-0 prose-p:pt-0 prose-p:mb-2 prose-p:my-0 [&amp;&gt;p]:pt-0 [&amp;&gt;p]:mb-2 [&amp;&gt;p]:my-0\" style=\"--tw-border-spacing-x: 0;--tw-border-spacing-y: 0;--tw-translate-x: 0;--tw-translate-y: 0;--tw-rotate: 0;--tw-skew-x: 0;--tw-skew-y: 0;--tw-scale-x: 1;--tw-scale-y: 1;--tw-scroll-snap-strictness: proximity;--tw-ring-offset-width: 0px;--tw-ring-offset-color: #fff;--tw-ring-offset-shadow: 0 0 #0000;--tw-ring-shadow: 0 0 #0000;--tw-shadow: 0 0 #0000;--tw-shadow-colored: 0 0 #0000;margin-top: 0px;margin-bottom: 0px;padding-inline-start: 0.375em;padding-top: 0px;padding-bottom: 0px\"><p class=\"my-2 [&amp;+p]:mt-4 [&amp;_strong:has(+br)]:inline-block [&amp;_strong:has(+br)]:pb-2\">\u062a\u062d\u0633\u064a\u0646 \u0639\u0645\u0644\u064a\u0627\u062a \u0627\u0644\u062a\u0635\u062f\u064a\u0631 \u0648\u0627\u0644\u062a\u0646\u0641\u064a\u0630\u061b<\/p><\/li><li class=\"py-0 my-0 prose-p:pt-0 prose-p:mb-2 prose-p:my-0 [&amp;&gt;p]:pt-0 [&amp;&gt;p]:mb-2 [&amp;&gt;p]:my-0\" style=\"--tw-border-spacing-x: 0;--tw-border-spacing-y: 0;--tw-translate-x: 0;--tw-translate-y: 0;--tw-rotate: 0;--tw-skew-x: 0;--tw-skew-y: 0;--tw-scale-x: 1;--tw-scale-y: 1;--tw-scroll-snap-strictness: proximity;--tw-ring-offset-width: 0px;--tw-ring-offset-color: #fff;--tw-ring-offset-shadow: 0 0 #0000;--tw-ring-shadow: 0 0 #0000;--tw-shadow: 0 0 #0000;--tw-shadow-colored: 0 0 #0000;margin-top: 0px;margin-bottom: 0px;padding-inline-start: 0.375em;padding-top: 0px;padding-bottom: 0px\"><p class=\"my-2 [&amp;+p]:mt-4 [&amp;_strong:has(+br)]:inline-block [&amp;_strong:has(+br)]:pb-2\">\u0625\u062f\u0627\u0631\u0629 \u062d\u0642\u0648\u0642 \u0627\u0644\u0639\u0645\u0644\u0627\u0621 \u0623\u062b\u0646\u0627\u0621 \u0627\u0644\u0625\u062c\u0631\u0627\u0621\u0627\u062a \u0627\u0644\u062f\u0648\u0644\u064a\u0629.<\/p><\/li><\/ul><\/div>\n\t\t\t\t\t<\/div>\n\t<\/div>\n\t<div class=\"single-item\">\n\t\t<img decoding=\"async\" width=\"1210\" height=\"723\" src=\"https:\/\/gblfirm.com\/wp-content\/uploads\/2025\/11\/Your-paragraph-text-2-8.png\" class=\"attachment-full size-full\" alt=\"\" srcset=\"https:\/\/gblfirm.com\/wp-content\/uploads\/2025\/11\/Your-paragraph-text-2-8.png 1210w, https:\/\/gblfirm.com\/wp-content\/uploads\/2025\/11\/Your-paragraph-text-2-8-300x179.png 300w, https:\/\/gblfirm.com\/wp-content\/uploads\/2025\/11\/Your-paragraph-text-2-8-1024x612.png 1024w, https:\/\/gblfirm.com\/wp-content\/uploads\/2025\/11\/Your-paragraph-text-2-8-768x459.png 768w, https:\/\/gblfirm.com\/wp-content\/uploads\/2025\/11\/Your-paragraph-text-2-8-600x359.png 600w\" sizes=\"(max-width: 1210px) 100vw, 1210px\" \/>\t<\/div>\n<\/div>\t\t\t\t<\/div>\n\t\t\t\t<\/div>\n\t\t\t\t\t<\/div>\n\t\t<\/div>\n\t\t\t\t\t<\/div>\n\t\t<\/section>\n\t\t\t\t<section class=\"elementor-section elementor-top-section elementor-element elementor-element-50104e20 elementor-section-stretched elementor-section-full_width elementor-section-height-default elementor-section-height-default\" data-id=\"50104e20\" data-element_type=\"section\" data-e-type=\"section\" data-settings=\"{&quot;stretch_section&quot;:&quot;section-stretched&quot;}\">\n\t\t\t\t\t\t<div class=\"elementor-container elementor-column-gap-default\">\n\t\t\t\t\t<div class=\"elementor-column elementor-col-100 elementor-top-column elementor-element elementor-element-810d0e3\" data-id=\"810d0e3\" data-element_type=\"column\" data-e-type=\"column\">\n\t\t\t<div class=\"elementor-widget-wrap elementor-element-populated\">\n\t\t\t\t\t\t<div class=\"elementor-element elementor-element-d24a9c2 elementor-widget elementor-widget-rt-divider\" data-id=\"d24a9c2\" data-element_type=\"widget\" data-e-type=\"widget\" data-widget_type=\"rt-divider.default\">\n\t\t\t\t<div class=\"elementor-widget-container\">\n\t\t\t\t\t<div class=\"rtin-divider\">\n\t<div class=\"divider-holder\">\n\t\t<span class=\"divide-bar\"><\/span>\n\t<\/div>\n<\/div>\n\t\t\t\t<\/div>\n\t\t\t\t<\/div>\n\t\t\t\t\t<\/div>\n\t\t<\/div>\n\t\t\t\t\t<\/div>\n\t\t<\/section>\n\t\t\t\t<\/div>","protected":false},"excerpt":{"rendered":"<p>Gestion internationale pour entreprises et particuliers Experts en gestion internationale et en droit des affaires transfrontali\u00e8res, notre cabinet accompagne les entreprises et les particuliers dans toutes leurs probl\u00e9matiques internationales, qu\u2019il s\u2019agisse d\u2019implantation \u00e0 l\u2019\u00e9tranger, de conformit\u00e9, ou de structuration de projets internationaux.Gr\u00e2ce \u00e0 notre \u00e9quipe de juristes et avocats partenaires sp\u00e9cialis\u00e9s, nous proposons des conseils [&hellip;]<\/p>","protected":false},"author":1,"featured_media":0,"parent":0,"menu_order":0,"comment_status":"closed","ping_status":"closed","template":"","meta":{"footnotes":""},"class_list":["post-5150","page","type-page","status-publish","hentry"],"_hostinger_reach_plugin_has_subscription_block":false,"_hostinger_reach_plugin_is_elementor":false,"_links":{"self":[{"href":"https:\/\/gblfirm.com\/ar\/wp-json\/wp\/v2\/pages\/5150","targetHints":{"allow":["GET"]}}],"collection":[{"href":"https:\/\/gblfirm.com\/ar\/wp-json\/wp\/v2\/pages"}],"about":[{"href":"https:\/\/gblfirm.com\/ar\/wp-json\/wp\/v2\/types\/page"}],"author":[{"embeddable":true,"href":"https:\/\/gblfirm.com\/ar\/wp-json\/wp\/v2\/users\/1"}],"replies":[{"embeddable":true,"href":"https:\/\/gblfirm.com\/ar\/wp-json\/wp\/v2\/comments?post=5150"}],"version-history":[{"count":7,"href":"https:\/\/gblfirm.com\/ar\/wp-json\/wp\/v2\/pages\/5150\/revisions"}],"predecessor-version":[{"id":5161,"href":"https:\/\/gblfirm.com\/ar\/wp-json\/wp\/v2\/pages\/5150\/revisions\/5161"}],"wp:attachment":[{"href":"https:\/\/gblfirm.com\/ar\/wp-json\/wp\/v2\/media?parent=5150"}],"curies":[{"name":"wp","href":"https:\/\/api.w.org\/{rel}","templated":true}]}}