{"id":1783,"date":"2019-10-08T09:56:05","date_gmt":"2019-10-08T09:56:05","guid":{"rendered":"https:\/\/radiustheme.com\/demo\/wordpress\/themes\/clenix\/?page_id=1783"},"modified":"2025-11-16T16:29:31","modified_gmt":"2025-11-16T16:29:31","slug":"droit-fiscal","status":"publish","type":"page","link":"https:\/\/gblfirm.com\/ar\/droit-fiscal\/","title":{"rendered":"\u0642\u0627\u0646\u0648\u0646 \u0627\u0644\u0636\u0631\u0627\u0626\u0628"},"content":{"rendered":"<div data-elementor-type=\"wp-page\" data-elementor-id=\"1783\" class=\"elementor elementor-1783\">\n\t\t\t\t\t\t<section class=\"elementor-section elementor-top-section elementor-element elementor-element-15775db4 elementor-section-stretched elementor-section-boxed elementor-section-height-default elementor-section-height-default\" data-id=\"15775db4\" data-element_type=\"section\" data-e-type=\"section\" data-settings=\"{&quot;stretch_section&quot;:&quot;section-stretched&quot;}\">\n\t\t\t\t\t\t<div class=\"elementor-container elementor-column-gap-default\">\n\t\t\t\t\t<div class=\"elementor-column elementor-col-100 elementor-top-column elementor-element elementor-element-27f7e19b\" data-id=\"27f7e19b\" data-element_type=\"column\" data-e-type=\"column\">\n\t\t\t<div class=\"elementor-widget-wrap elementor-element-populated\">\n\t\t\t\t\t\t<div class=\"elementor-element elementor-element-1cce0775 elementor-widget elementor-widget-rt-About-image-text\" data-id=\"1cce0775\" data-element_type=\"widget\" data-e-type=\"widget\" data-widget_type=\"rt-About-image-text.default\">\n\t\t\t\t<div class=\"elementor-widget-container\">\n\t\t\t\t\t<div class=\"about-image-text about-layout-style1\">\n\t<div class=\"row\">\n\t\t<div class=\"col-lg-7 d-flex align-items-center order-lg-2\">\n\t\t\t<div class=\"about-content\">\n\t\t\t\t\t\t\t\t\t\t\t\t<h2 class=\"rtin-title\">\u0641\u0631\u0639 \u0645\u0646 \u0627\u0644\u0642\u0627\u0646\u0648\u0646 \u064a\u062d\u0643\u0645 \u062c\u0645\u064a\u0639 \u0627\u0644\u0623\u062d\u0643\u0627\u0645 \u0627\u0644\u0636\u0631\u064a\u0628\u064a\u0629\n<\/h2>\n\t\t\t\t\t\t\t\t<div class=\"rtin-content\"><p>\u064a\u064f\u0639\u062f\u0651 \u0627\u0644\u0642\u0627\u0646\u0648\u0646 \u0627\u0644\u0645\u0635\u062f\u0631\u064e \u0627\u0644\u0623\u0633\u0627\u0633\u064a \u0644\u0644\u062a\u0634\u0631\u064a\u0639 \u0641\u064a \u0647\u0630\u0627 \u0627\u0644\u0645\u062c\u0627\u0644\u060c \u0628\u0639\u062f \u0627\u0644\u062f\u0633\u062a\u0648\u0631. \u0648\u0645\u0639 \u0630\u0644\u0643\u060c \u064a\u064f\u0645\u0643\u0646 \u0644\u0642\u0627\u0646\u0648\u0646 \u0627\u0644\u0636\u0631\u0627\u0626\u0628 \u0623\u064a\u0636\u064b\u0627 \u0623\u0646 \u064a\u0633\u062a\u0646\u062f \u0625\u0644\u0649 \u0647\u0630\u0647 \u0627\u0644\u0645\u0631\u0627\u062c\u0639 \u0627\u0644\u0642\u0627\u0646\u0648\u0646\u064a\u0629 \u0627\u0644\u0645\u062a\u0639\u0644\u0642\u0629 \u0628\u0627\u0644\u0636\u0631\u0627\u0626\u0628 \u0648\u0627\u0644\u0645\u0639\u0627\u0647\u062f\u0627\u062a \u0627\u0644\u062f\u0648\u0644\u064a\u0629.<\/p><p>\u0648\u0628\u0645\u0627 \u0623\u0646 \u0641\u0631\u064a\u0642\u0646\u0627 \u064a\u062a\u0643\u0648\u0646 \u0645\u0646 \u062e\u0628\u0631\u0627\u0621 \u0642\u0627\u0646\u0648\u0646\u064a\u064a\u0646 \u0645\u062a\u062e\u0635\u0635\u064a\u0646 \u0641\u064a \u0627\u0644\u0636\u0631\u0627\u0626\u0628\u060c \u0641\u0625\u0646\u0646\u0627 \u0646\u062a\u0623\u0643\u062f \u0645\u0646 \u0625\u0628\u0644\u0627\u063a\u0643 \u0628\u062d\u0642\u0648\u0642\u0643 \u0648\u0627\u0644\u062a\u0632\u0627\u0645\u0627\u062a\u0643 \u0627\u0644\u0636\u0631\u064a\u0628\u064a\u0629.<\/p><\/div>\n\t\t\t\t\t\t\t<\/div>\n\t\t<\/div>\n\t\t<div class=\"col-lg-5 order-lg-1\">\n\t\t\t<div class=\"about-image\">\n\t\t\t\t<img fetchpriority=\"high\" decoding=\"async\" width=\"1210\" height=\"723\" src=\"https:\/\/gblfirm.com\/wp-content\/uploads\/2025\/11\/Your-paragraph-text-2-3.png\" class=\"attachment-full size-full\" alt=\"\" srcset=\"https:\/\/gblfirm.com\/wp-content\/uploads\/2025\/11\/Your-paragraph-text-2-3.png 1210w, https:\/\/gblfirm.com\/wp-content\/uploads\/2025\/11\/Your-paragraph-text-2-3-300x179.png 300w, https:\/\/gblfirm.com\/wp-content\/uploads\/2025\/11\/Your-paragraph-text-2-3-1024x612.png 1024w, https:\/\/gblfirm.com\/wp-content\/uploads\/2025\/11\/Your-paragraph-text-2-3-768x459.png 768w, https:\/\/gblfirm.com\/wp-content\/uploads\/2025\/11\/Your-paragraph-text-2-3-600x359.png 600w\" sizes=\"(max-width: 1210px) 100vw, 1210px\" \/>\t\t\t\t\n\t\t\t<\/div>\n\t\t<\/div>\n\t<\/div>\n<\/div>\t\t\t\t<\/div>\n\t\t\t\t<\/div>\n\t\t\t\t\t<\/div>\n\t\t<\/div>\n\t\t\t\t\t<\/div>\n\t\t<\/section>\n\t\t\t\t<section class=\"elementor-section elementor-top-section elementor-element elementor-element-14e43c64 elementor-section-stretched elementor-section-full_width elementor-section-height-default elementor-section-height-default\" data-id=\"14e43c64\" data-element_type=\"section\" data-e-type=\"section\" data-settings=\"{&quot;stretch_section&quot;:&quot;section-stretched&quot;}\">\n\t\t\t\t\t\t<div class=\"elementor-container elementor-column-gap-default\">\n\t\t\t\t\t<div class=\"elementor-column elementor-col-100 elementor-top-column elementor-element elementor-element-788716ee\" data-id=\"788716ee\" data-element_type=\"column\" data-e-type=\"column\" data-settings=\"{&quot;background_background&quot;:&quot;classic&quot;}\">\n\t\t\t<div class=\"elementor-widget-wrap elementor-element-populated\">\n\t\t\t\t\t\t<div class=\"elementor-element elementor-element-1427cd7e elementor-widget elementor-widget-rt-About-image-text\" data-id=\"1427cd7e\" data-element_type=\"widget\" data-e-type=\"widget\" data-widget_type=\"rt-About-image-text.default\">\n\t\t\t\t<div class=\"elementor-widget-container\">\n\t\t\t\t\t\n<div class=\"about-image-text about-layout-style4\">\n\t<div class=\"single-item\">\n\t\t<img decoding=\"async\" width=\"1210\" height=\"723\" src=\"https:\/\/gblfirm.com\/wp-content\/uploads\/2025\/11\/Your-paragraph-text-3-2.png\" class=\"attachment-full size-full\" alt=\"\" srcset=\"https:\/\/gblfirm.com\/wp-content\/uploads\/2025\/11\/Your-paragraph-text-3-2.png 1210w, https:\/\/gblfirm.com\/wp-content\/uploads\/2025\/11\/Your-paragraph-text-3-2-300x179.png 300w, https:\/\/gblfirm.com\/wp-content\/uploads\/2025\/11\/Your-paragraph-text-3-2-1024x612.png 1024w, https:\/\/gblfirm.com\/wp-content\/uploads\/2025\/11\/Your-paragraph-text-3-2-768x459.png 768w, https:\/\/gblfirm.com\/wp-content\/uploads\/2025\/11\/Your-paragraph-text-3-2-600x359.png 600w\" sizes=\"(max-width: 1210px) 100vw, 1210px\" \/>\t\n\t<\/div>\n\t<div class=\"single-item\">\n\t\t<div class=\"about-content\">\n\t\t\t\t\t\t<h2 class=\"rtin-title\">\u0646\u0637\u0627\u0642 \u062a\u0637\u0628\u064a\u0642 \u0642\u0648\u0627\u0639\u062f \u0642\u0627\u0646\u0648\u0646 \u0627\u0644\u0636\u0631\u0627\u0626\u0628\n<\/h2>\n\t\t\t\t\t\t\t\t\t<div class=\"rtin-content\"><p>\u064a\u062a\u0645\u064a\u0632 \u0642\u0627\u0646\u0648\u0646 \u0627\u0644\u0636\u0631\u0627\u0626\u0628\u060c \u0627\u0644\u0630\u064a \u064a\u0646\u0638\u0645 \u062c\u0645\u064a\u0639 \u0627\u0644\u062a\u0641\u0627\u0639\u0644\u0627\u062a \u0628\u064a\u0646 \u0625\u062f\u0627\u0631\u0629 \u0627\u0644\u0636\u0631\u0627\u0626\u0628 \u0648\u062f\u0627\u0641\u0639\u064a \u0627\u0644\u0636\u0631\u0627\u0626\u0628 (\u0633\u0648\u0627\u0621 \u0643\u0627\u0646\u0648\u0627 \u0623\u0634\u062e\u0627\u0635\u064b\u0627 \u0637\u0628\u064a\u0639\u064a\u064a\u0646 \u0623\u0648 \u0627\u0639\u062a\u0628\u0627\u0631\u064a\u064a\u0646)\u060c \u0628\u062a\u0641\u0627\u0639\u0644\u0647 \u0645\u0639 \u0645\u062c\u0627\u0644\u0627\u062a \u0642\u0627\u0646\u0648\u0646\u064a\u0629 \u0623\u062e\u0631\u0649 \u0645\u062b\u0644 \u0627\u0644\u0642\u0627\u0646\u0648\u0646 \u0627\u0644\u0627\u062c\u062a\u0645\u0627\u0639\u064a \u0648\u0642\u0627\u0646\u0648\u0646 \u0627\u0644\u0623\u0639\u0645\u0627\u0644 \u0648\u0627\u0644\u0642\u0627\u0646\u0648\u0646 \u0627\u0644\u062a\u062c\u0627\u0631\u064a.<br \/>\u064a\u062a\u0639\u0644\u0642 \u0642\u0627\u0646\u0648\u0646 \u0627\u0644\u0636\u0631\u0627\u0626\u0628 \u0628\u062c\u0645\u064a\u0639 \u0623\u0634\u0643\u0627\u0644 \u0627\u0644\u0636\u0631\u0627\u0626\u0628 \u0627\u0644\u0645\u0641\u0631\u0648\u0636\u0629 \u0639\u0644\u0649 \u0627\u0644\u0645\u0645\u062a\u0644\u0643\u0627\u062a \u0648\u0627\u0644\u0623\u0634\u062e\u0627\u0635 \u0639\u0646\u062f \u0627\u0643\u062a\u0633\u0627\u0628 \u0627\u0644\u062f\u062e\u0644 \u0623\u0648 \u0646\u0642\u0644 \u0627\u0644\u0623\u0635\u0648\u0644.<\/p><\/div>\n\t\t\t\t\t<\/div>\n\t<\/div>\n<\/div>\t\t\t\t<\/div>\n\t\t\t\t<\/div>\n\t\t\t\t\t<\/div>\n\t\t<\/div>\n\t\t\t\t\t<\/div>\n\t\t<\/section>\n\t\t\t\t<section class=\"elementor-section elementor-top-section elementor-element elementor-element-69e1ea59 elementor-section-stretched elementor-section-full_width elementor-section-height-default elementor-section-height-default\" data-id=\"69e1ea59\" data-element_type=\"section\" data-e-type=\"section\" data-settings=\"{&quot;stretch_section&quot;:&quot;section-stretched&quot;}\">\n\t\t\t\t\t\t<div class=\"elementor-container elementor-column-gap-default\">\n\t\t\t\t\t<div class=\"elementor-column elementor-col-100 elementor-top-column elementor-element elementor-element-4bb6eb63\" data-id=\"4bb6eb63\" data-element_type=\"column\" data-e-type=\"column\">\n\t\t\t<div class=\"elementor-widget-wrap elementor-element-populated\">\n\t\t\t\t\t\t<div class=\"elementor-element elementor-element-22d52a68 elementor-widget elementor-widget-rt-About-image-text\" data-id=\"22d52a68\" data-element_type=\"widget\" data-e-type=\"widget\" data-widget_type=\"rt-About-image-text.default\">\n\t\t\t\t<div class=\"elementor-widget-container\">\n\t\t\t\t\t<div class=\"about-image-text about-layout-style3\">\n\t<div class=\"single-item\">\n\t\t<div class=\"about-content\">\n\t\t\t\t\t\t\t\t\t<h2 class=\"rtin-title\">\u0645\u0647\u0627\u0645 \u0627\u0644\u0634\u0631\u0643\u0629 \u0627\u0644\u0645\u062a\u062e\u0635\u0635\u0629 \u0641\u064a \u0627\u0644\u0627\u0633\u062a\u0634\u0627\u0631\u0627\u062a \u0627\u0644\u0636\u0631\u064a\u0628\u064a\u0629 \u0648\u0627\u0644\u062a\u062f\u0642\u064a\u0642\n<\/h2>\n\t\t\t\t\t\t\n\t\t\t<div class=\"rtin-content\"><p>\u064a\u0636\u0645\u0646 \u0627\u0644\u0627\u0633\u062a\u0639\u0627\u0646\u0629 \u0628\u0645\u062a\u062e\u0635\u0635 \u0636\u0631\u064a\u0628\u064a (\u0645\u062d\u0627\u0645\u064d \u0636\u0631\u064a\u0628\u064a\u060c \u0645\u0633\u062a\u0634\u0627\u0631 \u0636\u0631\u064a\u0628\u064a\u060c \u0645\u0633\u062a\u0634\u0627\u0631 \u0642\u0627\u0646\u0648\u0646\u064a\u060c \u0625\u0644\u062e) \u062d\u0645\u0627\u064a\u0629 \u0645\u0635\u0627\u0644\u062d\u0643 \u0645\u0646 \u0627\u0644\u0646\u0627\u062d\u064a\u062a\u064a\u0646 \u0627\u0644\u0642\u0627\u0646\u0648\u0646\u064a\u0629 \u0648\u0627\u0644\u0645\u0627\u0644\u064a\u0629. \u062a\u0634\u0645\u0644 \u0627\u0644\u0645\u0647\u0627\u0645 \u0627\u0644\u0645\u0648\u0643\u0644\u0629 \u0625\u0644\u0649 \u062e\u0628\u0631\u0627\u0621 \u0642\u0627\u0646\u0648\u0646 \u0627\u0644\u0636\u0631\u0627\u0626\u0628 \u0645\u0627 \u064a\u0644\u064a:<\/p><p>\u0627\u062a\u062e\u0627\u0630 \u0627\u0644\u062a\u062f\u0627\u0628\u064a\u0631 \u0627\u0644\u0648\u0642\u0627\u0626\u064a\u0629 \u0627\u0633\u062a\u062c\u0627\u0628\u0629 \u0644\u0644\u0645\u062e\u0627\u0637\u0631 \u0627\u0644\u0636\u0631\u064a\u0628\u064a\u0629\u061b<br \/>\u0625\u0646\u0634\u0627\u0621 \u0627\u0644\u0646\u0638\u0627\u0645 \u0627\u0644\u0636\u0631\u064a\u0628\u064a \u0648\u0637\u0631\u0642 \u0641\u0631\u0636 \u0627\u0644\u0636\u0631\u0627\u0626\u0628 (\u0636\u0631\u064a\u0628\u0629 \u0627\u0644\u0634\u0631\u0643\u0627\u062a\u060c \u0636\u0631\u064a\u0628\u0629 \u0627\u0644\u062f\u062e\u0644\u060c \u0648\u063a\u064a\u0631\u0647\u0627)\u061b<br \/>\u062a\u062d\u0633\u064a\u0646 \u0625\u062f\u0627\u0631\u0629 \u0627\u0644\u0636\u0631\u0627\u0626\u0628 \u0648\u0625\u0646\u0634\u0627\u0621 \u0627\u0644\u062a\u062f\u0642\u064a\u0642 \u0627\u0644\u0636\u0631\u064a\u0628\u064a.<\/p><\/div>\n\t\t\t\t\t<\/div>\n\t<\/div>\n\t<div class=\"single-item\">\n\t\t<img decoding=\"async\" width=\"1210\" height=\"723\" src=\"https:\/\/gblfirm.com\/wp-content\/uploads\/2025\/11\/Your-paragraph-text-4-2.png\" class=\"attachment-full size-full\" alt=\"\" srcset=\"https:\/\/gblfirm.com\/wp-content\/uploads\/2025\/11\/Your-paragraph-text-4-2.png 1210w, https:\/\/gblfirm.com\/wp-content\/uploads\/2025\/11\/Your-paragraph-text-4-2-300x179.png 300w, https:\/\/gblfirm.com\/wp-content\/uploads\/2025\/11\/Your-paragraph-text-4-2-1024x612.png 1024w, https:\/\/gblfirm.com\/wp-content\/uploads\/2025\/11\/Your-paragraph-text-4-2-768x459.png 768w, https:\/\/gblfirm.com\/wp-content\/uploads\/2025\/11\/Your-paragraph-text-4-2-600x359.png 600w\" sizes=\"(max-width: 1210px) 100vw, 1210px\" \/>\t<\/div>\n<\/div>\t\t\t\t<\/div>\n\t\t\t\t<\/div>\n\t\t\t\t\t<\/div>\n\t\t<\/div>\n\t\t\t\t\t<\/div>\n\t\t<\/section>\n\t\t\t\t<section class=\"elementor-section elementor-top-section elementor-element elementor-element-50104e20 elementor-section-stretched elementor-section-full_width elementor-section-height-default elementor-section-height-default\" data-id=\"50104e20\" data-element_type=\"section\" data-e-type=\"section\" data-settings=\"{&quot;stretch_section&quot;:&quot;section-stretched&quot;}\">\n\t\t\t\t\t\t<div class=\"elementor-container elementor-column-gap-default\">\n\t\t\t\t\t<div class=\"elementor-column elementor-col-100 elementor-top-column elementor-element elementor-element-810d0e3\" data-id=\"810d0e3\" data-element_type=\"column\" data-e-type=\"column\">\n\t\t\t<div class=\"elementor-widget-wrap elementor-element-populated\">\n\t\t\t\t\t\t<div class=\"elementor-element elementor-element-d24a9c2 elementor-widget elementor-widget-rt-divider\" data-id=\"d24a9c2\" data-element_type=\"widget\" data-e-type=\"widget\" data-widget_type=\"rt-divider.default\">\n\t\t\t\t<div class=\"elementor-widget-container\">\n\t\t\t\t\t<div class=\"rtin-divider\">\n\t<div class=\"divider-holder\">\n\t\t<span class=\"divide-bar\"><\/span>\n\t<\/div>\n<\/div>\n\t\t\t\t<\/div>\n\t\t\t\t<\/div>\n\t\t\t\t\t<\/div>\n\t\t<\/div>\n\t\t\t\t\t<\/div>\n\t\t<\/section>\n\t\t\t\t<\/div>","protected":false},"excerpt":{"rendered":"<p>Une branche de droit r\u00e9gissant l\u2019int\u00e9gralit\u00e9 des dispositions fiscales La loi est la source principale de ce domaine du droit, apr\u00e8s la constitution. Toutefois, le droit fiscal peut \u00e9galement s&#8217;appuyer sur ces r\u00e9f\u00e9rences juridiques fiscales et les trait\u00e9s internationaux. Puisque notre \u00e9quipe se compose d&#8217;experts juridiques sp\u00e9cialis\u00e9s dans la fiscalit\u00e9, nous veillons \u00e0 vous informer [&hellip;]<\/p>","protected":false},"author":1,"featured_media":0,"parent":0,"menu_order":0,"comment_status":"closed","ping_status":"closed","template":"","meta":{"footnotes":""},"class_list":["post-1783","page","type-page","status-publish","hentry"],"_hostinger_reach_plugin_has_subscription_block":false,"_hostinger_reach_plugin_is_elementor":false,"_links":{"self":[{"href":"https:\/\/gblfirm.com\/ar\/wp-json\/wp\/v2\/pages\/1783","targetHints":{"allow":["GET"]}}],"collection":[{"href":"https:\/\/gblfirm.com\/ar\/wp-json\/wp\/v2\/pages"}],"about":[{"href":"https:\/\/gblfirm.com\/ar\/wp-json\/wp\/v2\/types\/page"}],"author":[{"embeddable":true,"href":"https:\/\/gblfirm.com\/ar\/wp-json\/wp\/v2\/users\/1"}],"replies":[{"embeddable":true,"href":"https:\/\/gblfirm.com\/ar\/wp-json\/wp\/v2\/comments?post=1783"}],"version-history":[{"count":8,"href":"https:\/\/gblfirm.com\/ar\/wp-json\/wp\/v2\/pages\/1783\/revisions"}],"predecessor-version":[{"id":5049,"href":"https:\/\/gblfirm.com\/ar\/wp-json\/wp\/v2\/pages\/1783\/revisions\/5049"}],"wp:attachment":[{"href":"https:\/\/gblfirm.com\/ar\/wp-json\/wp\/v2\/media?parent=1783"}],"curies":[{"name":"wp","href":"https:\/\/api.w.org\/{rel}","templated":true}]}}